{"id":209,"date":"2025-09-04T10:32:24","date_gmt":"2025-09-04T08:32:24","guid":{"rendered":"https:\/\/naturoterapiasanok.pl\/?page_id=209"},"modified":"2025-09-04T10:34:19","modified_gmt":"2025-09-04T08:34:19","slug":"partnerzy","status":"publish","type":"page","link":"https:\/\/naturoterapiasanok.pl\/?page_id=209","title":{"rendered":"Partnerzy"},"content":{"rendered":"<p>[et_pb_section fb_built=&#8221;1&#8243; custom_padding_last_edited=&#8221;on|phone&#8221; admin_label=&#8221;Nasi Partnerzy&#8221; _builder_version=&#8221;4.27.4&#8243; _module_preset=&#8221;default&#8221; background_color=&#8221;gcid-c159fe25-17b5-49f7-a4bd-a2adb8f8a2a8&#8243; custom_padding=&#8221;0px|60px|0px|60px|true|true&#8221; custom_padding_tablet=&#8221;|5vw||5vw|true|true&#8221; custom_padding_phone=&#8221;|5vw||5vw|true|true&#8221; global_colors_info=&#8221;{%22gcid-c159fe25-17b5-49f7-a4bd-a2adb8f8a2a8%22:%91%22background_color%22%93}&#8221;][et_pb_row _builder_version=&#8221;4.27.4&#8243; _module_preset=&#8221;default&#8221; width=&#8221;100%&#8221; max_width=&#8221;none&#8221; min_height=&#8221;107.2px&#8221; global_colors_info=&#8221;{}&#8221; custom_padding=&#8221;||0px|||&#8221;][et_pb_column type=&#8221;4_4&#8243; _builder_version=&#8221;4.25.0&#8243; _module_preset=&#8221;default&#8221; custom_padding=&#8221;6vw||||false|false&#8221; custom_padding_tablet=&#8221;0vw||||false|false&#8221; custom_padding_phone=&#8221;&#8221; custom_padding_last_edited=&#8221;on|desktop&#8221; global_colors_info=&#8221;{}&#8221;][et_pb_heading title=&#8221;Nasi Partnerzy&#8221; _builder_version=&#8221;4.27.4&#8243; _module_preset=&#8221;_initial&#8221; title_font=&#8221;Calistoga||||||||&#8221; title_text_align=&#8221;center&#8221; title_font_size=&#8221;45px&#8221; custom_margin=&#8221;-88px||0px||false|false&#8221; custom_margin_tablet=&#8221;-11px||||false|false&#8221; custom_margin_phone=&#8221;-13px||||false|false&#8221; custom_margin_last_edited=&#8221;on|desktop&#8221; custom_padding=&#8221;0px||0px||false|false&#8221; custom_padding_tablet=&#8221;0px||0px||false|false&#8221; custom_padding_phone=&#8221;0px||0px||false|false&#8221; custom_padding_last_edited=&#8221;on|desktop&#8221; title_font_size_tablet=&#8221;29px&#8221; title_font_size_phone=&#8221;27px&#8221; title_font_size_last_edited=&#8221;on|phone&#8221; global_colors_info=&#8221;{}&#8221;][\/et_pb_heading][\/et_pb_column][\/et_pb_row][et_pb_row column_structure=&#8221;1_2,1_2&#8243; _builder_version=&#8221;4.25.0&#8243; _module_preset=&#8221;default&#8221; width=&#8221;100%&#8221; max_width=&#8221;none&#8221; global_colors_info=&#8221;{}&#8221; custom_padding=&#8221;0px|||||&#8221;][et_pb_column type=&#8221;1_2&#8243; _builder_version=&#8221;4.25.0&#8243; _module_preset=&#8221;default&#8221; custom_padding=&#8221;6vw||||false|false&#8221; custom_padding_tablet=&#8221;0vw||||false|false&#8221; custom_padding_phone=&#8221;&#8221; custom_padding_last_edited=&#8221;on|desktop&#8221; global_colors_info=&#8221;{}&#8221;][et_pb_heading title=&#8221;Karkla &#8211; ubrania dla duszy i cia\u0142a &#8221; title_tablet=&#8221;Karkla &#8211; ubrania dla duszy i cia\u0142a &#8221; title_phone=&#8221;Karkla &#8211; ubrania dla duszy i cia\u0142a &#8221; title_last_edited=&#8221;on|phone&#8221; _builder_version=&#8221;4.27.4&#8243; _module_preset=&#8221;_initial&#8221; title_font=&#8221;Calistoga||||||||&#8221; title_text_align=&#8221;left&#8221; title_font_size=&#8221;38px&#8221; custom_margin=&#8221;39px||3px||false|false&#8221; custom_margin_tablet=&#8221;-8px||||false|false&#8221; custom_margin_phone=&#8221;-8px||||false|false&#8221; custom_margin_last_edited=&#8221;on|phone&#8221; custom_padding=&#8221;||0px||false|false&#8221; title_font_size_tablet=&#8221;29px&#8221; title_font_size_phone=&#8221;21px&#8221; title_font_size_last_edited=&#8221;on|phone&#8221; global_colors_info=&#8221;{}&#8221;][\/et_pb_heading][et_pb_text content_tablet=&#8221;<\/p>\n<p style=%22text-align: justify;%22>Karkla jest zaprzyja\u017anion\u0105<strong> firm\u0105 partnersk\u0105<\/strong> Gabinetu.<\/p>\n<p style=%22text-align: justify;%22>Poznaj <strong>Karol\u0119<\/strong>, kt\u00f3ra tworzy z intencj\u0105 \u2728 \u0142\u0105cz\u0105c s\u0142owo z materi\u0105\ud83d\udcab<\/p>\n<p style=%22text-align: justify;%22>Jej kolekcje koszulek i bluz to nie tylko odzie\u017c \u2013 to talizmany codzienno\u015bci, zapisane ulubionymi aforyzmami, \ud83e\udef6\ud83c\udffbcytatami, my\u015blami, kt\u00f3re otwieraj\u0105 serce i zatrzymuj\u0105 czas.<\/p>\n<p style=%22text-align: justify;%22>Z mi\u0142o\u015bci do \ud83e\uddd8\ud83c\udffb jogi, selfcare, rozwoju i wielu innych \u015bwiadomych czynnik\u00f3w \u2728 na podstawie swojego wieloletniego do\u015bwiadczenia w personalizacji odzie\u017cy powsta\u0142a \u2728KARKLA\u2728<\/p>\n<p style=%22text-align: justify;%22>To marka jak mantra, jak szept intuicji. To przestrze\u0144, w kt\u00f3rej Karola tworzy co\u015b, co mo\u017cna poczu\u0107 na sk\u00f3rze i w duszy. KARKLA to jej spe\u0142nienie \u2013 tw\u00f3rcze, \u017cyciowe, duchowe\ud83e\udef6\ud83c\udffb<\/p>\n<p>&#8221; content_phone=&#8221;<\/p>\n<p style=%22text-align: justify;%22>Karkla jest zaprzyja\u017anion\u0105<strong> firm\u0105 partnersk\u0105<\/strong> Gabinetu.<\/p>\n<p style=%22text-align: justify;%22>Poznaj <strong>Karol\u0119<\/strong>, kt\u00f3ra tworzy z intencj\u0105 \u2728 \u0142\u0105cz\u0105c s\u0142owo z materi\u0105\ud83d\udcab<\/p>\n<p style=%22text-align: justify;%22>Jej kolekcje koszulek i bluz to nie tylko odzie\u017c \u2013 to talizmany codzienno\u015bci, zapisane ulubionymi aforyzmami, \ud83e\udef6\ud83c\udffbcytatami, my\u015blami, kt\u00f3re otwieraj\u0105 serce i zatrzymuj\u0105 czas.<\/p>\n<p style=%22text-align: justify;%22>Z mi\u0142o\u015bci do \ud83e\uddd8\ud83c\udffb jogi, selfcare, rozwoju i wielu innych \u015bwiadomych czynnik\u00f3w \u2728 na podstawie swojego wieloletniego do\u015bwiadczenia w personalizacji odzie\u017cy powsta\u0142a \u2728KARKLA\u2728<\/p>\n<p style=%22text-align: justify;%22>To marka jak mantra, jak szept intuicji. To przestrze\u0144, w kt\u00f3rej Karola tworzy co\u015b, co mo\u017cna poczu\u0107 na sk\u00f3rze i w duszy. KARKLA to jej spe\u0142nienie \u2013 tw\u00f3rcze, \u017cyciowe, duchowe\ud83e\udef6\ud83c\udffb<\/p>\n<p>&#8221; content_last_edited=&#8221;on|phone&#8221; _builder_version=&#8221;4.27.4&#8243; _module_preset=&#8221;_initial&#8221; text_font=&#8221;||||||||&#8221; text_font_size=&#8221;20px&#8221; text_orientation=&#8221;right&#8221; module_alignment=&#8221;left&#8221; text_font_size_tablet=&#8221;18px&#8221; text_font_size_phone=&#8221;16px&#8221; text_font_size_last_edited=&#8221;on|tablet&#8221; global_colors_info=&#8221;{}&#8221;]<\/p>\n<p style=\"text-align: justify;\">Karkla jest zaprzyja\u017anion\u0105<strong> firm\u0105 partnersk\u0105<\/strong> Gabinetu.<\/p>\n<p style=\"text-align: justify;\">Poznaj <strong>Karol\u0119<\/strong>, kt\u00f3ra tworzy z intencj\u0105 \u2728 \u0142\u0105cz\u0105c s\u0142owo z materi\u0105\ud83d\udcab<\/p>\n<p style=\"text-align: justify;\">Jej kolekcje koszulek i bluz to nie tylko odzie\u017c \u2013 to talizmany codzienno\u015bci, zapisane ulubionymi aforyzmami, \ud83e\udef6\ud83c\udffbcytatami, my\u015blami, kt\u00f3re otwieraj\u0105 serce i zatrzymuj\u0105 czas.<\/p>\n<p style=\"text-align: justify;\">Z mi\u0142o\u015bci do \ud83e\uddd8\ud83c\udffb jogi, selfcare, rozwoju i wielu innych \u015bwiadomych czynnik\u00f3w \u2728 na podstawie swojego wieloletniego do\u015bwiadczenia w personalizacji odzie\u017cy powsta\u0142a \u2728KARKLA\u2728<\/p>\n<p style=\"text-align: justify;\">To marka jak mantra, jak szept intuicji. To przestrze\u0144, w kt\u00f3rej Karola tworzy co\u015b, co mo\u017cna poczu\u0107 na sk\u00f3rze i w duszy. KARKLA to jej spe\u0142nienie \u2013 tw\u00f3rcze, \u017cyciowe, duchowe\ud83e\udef6\ud83c\udffb<\/p>\n<p>[\/et_pb_text][\/et_pb_column][et_pb_column type=&#8221;1_2&#8243; _builder_version=&#8221;4.24.3&#8243; _module_preset=&#8221;default&#8221; global_colors_info=&#8221;{}&#8221;][et_pb_image src=&#8221;https:\/\/naturoterapiasanok.pl\/wp-content\/uploads\/2025\/08\/Image-22-08-2025-at-18.14.jpeg&#8221; title_text=&#8221;Image 22-08-2025 at 18.14&#8243; force_fullwidth=&#8221;on&#8221; _builder_version=&#8221;4.27.4&#8243; _module_preset=&#8221;default&#8221; min_height=&#8221;474.8px&#8221; min_height_tablet=&#8221;474.8px&#8221; min_height_phone=&#8221;474.8px&#8221; min_height_last_edited=&#8221;on|phone&#8221; custom_margin=&#8221;67px||0px|0px|false|false&#8221; custom_margin_tablet=&#8221;-10px||0px|79px|false|false&#8221; custom_margin_phone=&#8221;-9px|||0px|false|false&#8221; custom_margin_last_edited=&#8221;on|phone&#8221; custom_padding=&#8221;|160px|||false|false&#8221; custom_padding_tablet=&#8221;|160px|||false|false&#8221; custom_padding_phone=&#8221;|0px|||false|false&#8221; custom_padding_last_edited=&#8221;on|phone&#8221; border_radii=&#8221;on|20px|20px|20px|20px&#8221; global_colors_info=&#8221;{}&#8221;][\/et_pb_image][\/et_pb_column][\/et_pb_row][\/et_pb_section]<\/p>\n","protected":false},"excerpt":{"rendered":"<p>Karkla jest zaprzyja\u017anion\u0105 firm\u0105 partnersk\u0105 Gabinetu. Poznaj Karol\u0119, kt\u00f3ra tworzy z intencj\u0105 \u2728 \u0142\u0105cz\u0105c s\u0142owo z materi\u0105\ud83d\udcab Jej kolekcje koszulek i bluz to nie tylko odzie\u017c \u2013 to talizmany codzienno\u015bci, zapisane ulubionymi aforyzmami, \ud83e\udef6\ud83c\udffbcytatami, my\u015blami, kt\u00f3re otwieraj\u0105 serce i zatrzymuj\u0105 czas. Z mi\u0142o\u015bci do \ud83e\uddd8\ud83c\udffb jogi, selfcare, rozwoju i wielu innych \u015bwiadomych czynnik\u00f3w \u2728 na [&hellip;]<\/p>\n","protected":false},"author":1,"featured_media":0,"parent":0,"menu_order":0,"comment_status":"closed","ping_status":"closed","template":"","meta":{"_et_pb_use_builder":"on","_et_pb_old_content":"","_et_gb_content_width":"","footnotes":""},"class_list":["post-209","page","type-page","status-publish","hentry"],"yoast_head":"<!-- This site is optimized with the Yoast SEO plugin v24.9 - https:\/\/yoast.com\/wordpress\/plugins\/seo\/ -->\n<title>Partnerzy - Naturoterapia Sanok<\/title>\n<meta name=\"robots\" content=\"index, follow, max-snippet:-1, max-image-preview:large, max-video-preview:-1\" \/>\n<link rel=\"canonical\" href=\"https:\/\/naturoterapiasanok.pl\/?page_id=209\" \/>\n<meta property=\"og:locale\" content=\"pl_PL\" \/>\n<meta property=\"og:type\" content=\"article\" \/>\n<meta property=\"og:title\" content=\"Partnerzy - Naturoterapia Sanok\" \/>\n<meta property=\"og:description\" content=\"Karkla jest zaprzyja\u017anion\u0105 firm\u0105 partnersk\u0105 Gabinetu. Poznaj Karol\u0119, kt\u00f3ra tworzy z intencj\u0105 \u2728 \u0142\u0105cz\u0105c s\u0142owo z materi\u0105\ud83d\udcab Jej kolekcje koszulek i bluz to nie tylko odzie\u017c \u2013 to talizmany codzienno\u015bci, zapisane ulubionymi aforyzmami, \ud83e\udef6\ud83c\udffbcytatami, my\u015blami, kt\u00f3re otwieraj\u0105 serce i zatrzymuj\u0105 czas. Z mi\u0142o\u015bci do \ud83e\uddd8\ud83c\udffb jogi, selfcare, rozwoju i wielu innych \u015bwiadomych czynnik\u00f3w \u2728 na [&hellip;]\" \/>\n<meta property=\"og:url\" content=\"https:\/\/naturoterapiasanok.pl\/?page_id=209\" \/>\n<meta property=\"og:site_name\" content=\"Naturoterapia Sanok\" \/>\n<meta property=\"article:publisher\" content=\"https:\/\/www.facebook.com\/naturoterapiasanok\" \/>\n<meta property=\"article:modified_time\" content=\"2025-09-04T08:34:19+00:00\" \/>\n<meta name=\"twitter:card\" content=\"summary_large_image\" \/>\n<meta name=\"twitter:label1\" content=\"Szacowany czas czytania\" \/>\n\t<meta name=\"twitter:data1\" content=\"4 minuty\" \/>\n<script type=\"application\/ld+json\" class=\"yoast-schema-graph\">{\"@context\":\"https:\/\/schema.org\",\"@graph\":[{\"@type\":\"WebPage\",\"@id\":\"https:\/\/naturoterapiasanok.pl\/?page_id=209\",\"url\":\"https:\/\/naturoterapiasanok.pl\/?page_id=209\",\"name\":\"Partnerzy - Naturoterapia Sanok\",\"isPartOf\":{\"@id\":\"https:\/\/naturoterapiasanok.pl\/#website\"},\"datePublished\":\"2025-09-04T08:32:24+00:00\",\"dateModified\":\"2025-09-04T08:34:19+00:00\",\"breadcrumb\":{\"@id\":\"https:\/\/naturoterapiasanok.pl\/?page_id=209#breadcrumb\"},\"inLanguage\":\"pl-PL\",\"potentialAction\":[{\"@type\":\"ReadAction\",\"target\":[\"https:\/\/naturoterapiasanok.pl\/?page_id=209\"]}]},{\"@type\":\"BreadcrumbList\",\"@id\":\"https:\/\/naturoterapiasanok.pl\/?page_id=209#breadcrumb\",\"itemListElement\":[{\"@type\":\"ListItem\",\"position\":1,\"name\":\"Strona g\u0142\u00f3wna\",\"item\":\"https:\/\/naturoterapiasanok.pl\/\"},{\"@type\":\"ListItem\",\"position\":2,\"name\":\"Partnerzy\"}]},{\"@type\":\"WebSite\",\"@id\":\"https:\/\/naturoterapiasanok.pl\/#website\",\"url\":\"https:\/\/naturoterapiasanok.pl\/\",\"name\":\"Naturoterapia Sanok\",\"description\":\"\",\"publisher\":{\"@id\":\"https:\/\/naturoterapiasanok.pl\/#organization\"},\"potentialAction\":[{\"@type\":\"SearchAction\",\"target\":{\"@type\":\"EntryPoint\",\"urlTemplate\":\"https:\/\/naturoterapiasanok.pl\/?s={search_term_string}\"},\"query-input\":{\"@type\":\"PropertyValueSpecification\",\"valueRequired\":true,\"valueName\":\"search_term_string\"}}],\"inLanguage\":\"pl-PL\"},{\"@type\":\"Organization\",\"@id\":\"https:\/\/naturoterapiasanok.pl\/#organization\",\"name\":\"Naturoterapia Sanok\",\"url\":\"https:\/\/naturoterapiasanok.pl\/\",\"logo\":{\"@type\":\"ImageObject\",\"inLanguage\":\"pl-PL\",\"@id\":\"https:\/\/naturoterapiasanok.pl\/#\/schema\/logo\/image\/\",\"url\":\"https:\/\/naturoterapiasanok.pl\/wp-content\/uploads\/2025\/04\/Logo3-Naturoterapia-Tomasz-Demkowski.png\",\"contentUrl\":\"https:\/\/naturoterapiasanok.pl\/wp-content\/uploads\/2025\/04\/Logo3-Naturoterapia-Tomasz-Demkowski.png\",\"width\":486,\"height\":480,\"caption\":\"Naturoterapia Sanok\"},\"image\":{\"@id\":\"https:\/\/naturoterapiasanok.pl\/#\/schema\/logo\/image\/\"},\"sameAs\":[\"https:\/\/www.facebook.com\/naturoterapiasanok\",\"https:\/\/www.instagram.com\/naturoterapia_sanok\/\"]}]}<\/script>\n<!-- \/ Yoast SEO plugin. -->","yoast_head_json":{"title":"Partnerzy - Naturoterapia Sanok","robots":{"index":"index","follow":"follow","max-snippet":"max-snippet:-1","max-image-preview":"max-image-preview:large","max-video-preview":"max-video-preview:-1"},"canonical":"https:\/\/naturoterapiasanok.pl\/?page_id=209","og_locale":"pl_PL","og_type":"article","og_title":"Partnerzy - Naturoterapia Sanok","og_description":"Karkla jest zaprzyja\u017anion\u0105 firm\u0105 partnersk\u0105 Gabinetu. Poznaj Karol\u0119, kt\u00f3ra tworzy z intencj\u0105 \u2728 \u0142\u0105cz\u0105c s\u0142owo z materi\u0105\ud83d\udcab Jej kolekcje koszulek i bluz to nie tylko odzie\u017c \u2013 to talizmany codzienno\u015bci, zapisane ulubionymi aforyzmami, \ud83e\udef6\ud83c\udffbcytatami, my\u015blami, kt\u00f3re otwieraj\u0105 serce i zatrzymuj\u0105 czas. Z mi\u0142o\u015bci do \ud83e\uddd8\ud83c\udffb jogi, selfcare, rozwoju i wielu innych \u015bwiadomych czynnik\u00f3w \u2728 na [&hellip;]","og_url":"https:\/\/naturoterapiasanok.pl\/?page_id=209","og_site_name":"Naturoterapia Sanok","article_publisher":"https:\/\/www.facebook.com\/naturoterapiasanok","article_modified_time":"2025-09-04T08:34:19+00:00","twitter_card":"summary_large_image","twitter_misc":{"Szacowany czas czytania":"4 minuty"},"schema":{"@context":"https:\/\/schema.org","@graph":[{"@type":"WebPage","@id":"https:\/\/naturoterapiasanok.pl\/?page_id=209","url":"https:\/\/naturoterapiasanok.pl\/?page_id=209","name":"Partnerzy - Naturoterapia Sanok","isPartOf":{"@id":"https:\/\/naturoterapiasanok.pl\/#website"},"datePublished":"2025-09-04T08:32:24+00:00","dateModified":"2025-09-04T08:34:19+00:00","breadcrumb":{"@id":"https:\/\/naturoterapiasanok.pl\/?page_id=209#breadcrumb"},"inLanguage":"pl-PL","potentialAction":[{"@type":"ReadAction","target":["https:\/\/naturoterapiasanok.pl\/?page_id=209"]}]},{"@type":"BreadcrumbList","@id":"https:\/\/naturoterapiasanok.pl\/?page_id=209#breadcrumb","itemListElement":[{"@type":"ListItem","position":1,"name":"Strona g\u0142\u00f3wna","item":"https:\/\/naturoterapiasanok.pl\/"},{"@type":"ListItem","position":2,"name":"Partnerzy"}]},{"@type":"WebSite","@id":"https:\/\/naturoterapiasanok.pl\/#website","url":"https:\/\/naturoterapiasanok.pl\/","name":"Naturoterapia Sanok","description":"","publisher":{"@id":"https:\/\/naturoterapiasanok.pl\/#organization"},"potentialAction":[{"@type":"SearchAction","target":{"@type":"EntryPoint","urlTemplate":"https:\/\/naturoterapiasanok.pl\/?s={search_term_string}"},"query-input":{"@type":"PropertyValueSpecification","valueRequired":true,"valueName":"search_term_string"}}],"inLanguage":"pl-PL"},{"@type":"Organization","@id":"https:\/\/naturoterapiasanok.pl\/#organization","name":"Naturoterapia Sanok","url":"https:\/\/naturoterapiasanok.pl\/","logo":{"@type":"ImageObject","inLanguage":"pl-PL","@id":"https:\/\/naturoterapiasanok.pl\/#\/schema\/logo\/image\/","url":"https:\/\/naturoterapiasanok.pl\/wp-content\/uploads\/2025\/04\/Logo3-Naturoterapia-Tomasz-Demkowski.png","contentUrl":"https:\/\/naturoterapiasanok.pl\/wp-content\/uploads\/2025\/04\/Logo3-Naturoterapia-Tomasz-Demkowski.png","width":486,"height":480,"caption":"Naturoterapia Sanok"},"image":{"@id":"https:\/\/naturoterapiasanok.pl\/#\/schema\/logo\/image\/"},"sameAs":["https:\/\/www.facebook.com\/naturoterapiasanok","https:\/\/www.instagram.com\/naturoterapia_sanok\/"]}]}},"_links":{"self":[{"href":"https:\/\/naturoterapiasanok.pl\/index.php?rest_route=\/wp\/v2\/pages\/209","targetHints":{"allow":["GET"]}}],"collection":[{"href":"https:\/\/naturoterapiasanok.pl\/index.php?rest_route=\/wp\/v2\/pages"}],"about":[{"href":"https:\/\/naturoterapiasanok.pl\/index.php?rest_route=\/wp\/v2\/types\/page"}],"author":[{"embeddable":true,"href":"https:\/\/naturoterapiasanok.pl\/index.php?rest_route=\/wp\/v2\/users\/1"}],"replies":[{"embeddable":true,"href":"https:\/\/naturoterapiasanok.pl\/index.php?rest_route=%2Fwp%2Fv2%2Fcomments&post=209"}],"version-history":[{"count":4,"href":"https:\/\/naturoterapiasanok.pl\/index.php?rest_route=\/wp\/v2\/pages\/209\/revisions"}],"predecessor-version":[{"id":215,"href":"https:\/\/naturoterapiasanok.pl\/index.php?rest_route=\/wp\/v2\/pages\/209\/revisions\/215"}],"wp:attachment":[{"href":"https:\/\/naturoterapiasanok.pl\/index.php?rest_route=%2Fwp%2Fv2%2Fmedia&parent=209"}],"curies":[{"name":"wp","href":"https:\/\/api.w.org\/{rel}","templated":true}]}}