{"id":16,"date":"2025-04-28T07:56:03","date_gmt":"2025-04-28T05:56:03","guid":{"rendered":"https:\/\/naturoterapiasanok.pl\/?page_id=16"},"modified":"2025-05-23T08:21:26","modified_gmt":"2025-05-23T06:21:26","slug":"bioenergoterapia","status":"publish","type":"page","link":"https:\/\/naturoterapiasanok.pl\/?page_id=16","title":{"rendered":"Bioenergoterapia"},"content":{"rendered":"<p>[et_pb_section fb_built=&#8221;1&#8243; custom_padding_last_edited=&#8221;on|tablet&#8221; admin_label=&#8221;Header&#8221; _builder_version=&#8221;4.25.0&#8243; _module_preset=&#8221;default&#8221; background_color=&#8221;gcid-c159fe25-17b5-49f7-a4bd-a2adb8f8a2a8&#8243; custom_padding=&#8221;|60px||60px|false|true&#8221; custom_padding_tablet=&#8221;5vw|5vw|5vw|5vw|true|true&#8221; custom_padding_phone=&#8221;|5vw||5vw|true|true&#8221; locked=&#8221;off&#8221; global_colors_info=&#8221;{%22gcid-c159fe25-17b5-49f7-a4bd-a2adb8f8a2a8%22:%91%22background_color%22%93}&#8221;][et_pb_row _builder_version=&#8221;4.25.0&#8243; _module_preset=&#8221;default&#8221; width=&#8221;100%&#8221; max_width=&#8221;none&#8221; global_colors_info=&#8221;{}&#8221;][et_pb_column type=&#8221;4_4&#8243; _builder_version=&#8221;4.25.0&#8243; _module_preset=&#8221;default&#8221; custom_padding_tablet=&#8221;0vw||||false|false&#8221; custom_padding_phone=&#8221;0vw||||false|false&#8221; custom_padding_last_edited=&#8221;off|desktop&#8221; global_colors_info=&#8221;{}&#8221;][et_pb_image src=&#8221;https:\/\/naturoterapiasanok.pl\/wp-content\/uploads\/2025\/04\/Screenshot-2025-04-26-at-16.02.07-1.png&#8221; title_text=&#8221;Screenshot 2025-04-26 at 16.02.07&#8243; align=&#8221;center&#8221; force_fullwidth=&#8221;on&#8221; show_bottom_space_tablet=&#8221;&#8221; show_bottom_space_phone=&#8221;&#8221; show_bottom_space_last_edited=&#8221;on|phone&#8221; _builder_version=&#8221;4.27.4&#8243; _module_preset=&#8221;default&#8221; border_radii=&#8221;on|20px|20px|20px|20px&#8221; global_colors_info=&#8221;{}&#8221;][\/et_pb_image][\/et_pb_column][\/et_pb_row][\/et_pb_section][et_pb_section fb_built=&#8221;1&#8243; custom_padding_last_edited=&#8221;on|phone&#8221; admin_label=&#8221;Sekcja&#8221; _builder_version=&#8221;4.27.4&#8243; _module_preset=&#8221;default&#8221; background_color=&#8221;gcid-c159fe25-17b5-49f7-a4bd-a2adb8f8a2a8&#8243; custom_margin=&#8221;-50px||||false|false&#8221; custom_padding=&#8221;0px|60px|60px|60px|false|true&#8221; custom_padding_tablet=&#8221;|5vw||5vw|true|true&#8221; custom_padding_phone=&#8221;|5vw||5vw|true|true&#8221; global_colors_info=&#8221;{%22gcid-c159fe25-17b5-49f7-a4bd-a2adb8f8a2a8%22:%91%22background_color%22%93}&#8221;][et_pb_row column_structure=&#8221;1_2,1_2&#8243; _builder_version=&#8221;4.27.4&#8243; _module_preset=&#8221;default&#8221; width=&#8221;100%&#8221; max_width=&#8221;none&#8221; custom_padding=&#8221;|||0px|false|false&#8221; global_colors_info=&#8221;{}&#8221;][et_pb_column type=&#8221;1_2&#8243; _builder_version=&#8221;4.27.4&#8243; _module_preset=&#8221;default&#8221; custom_padding=&#8221;150px||||false|false&#8221; custom_padding_tablet=&#8221;0vw||||false|false&#8221; custom_padding_phone=&#8221;&#8221; custom_padding_last_edited=&#8221;on|desktop&#8221; global_colors_info=&#8221;{}&#8221;][et_pb_heading title=&#8221;Czakramy&#8221; _builder_version=&#8221;4.27.4&#8243; _module_preset=&#8221;_initial&#8221; title_font=&#8221;Calistoga||||||||&#8221; title_font_size=&#8221;3vw&#8221; title_letter_spacing=&#8221;-1px&#8221; width=&#8221;100%&#8221; min_height=&#8221;48.5px&#8221; custom_margin=&#8221;-77px||63px||false|false&#8221; custom_margin_tablet=&#8221;95px||22px||false|false&#8221; custom_margin_phone=&#8221;38px||22px||false|false&#8221; custom_margin_last_edited=&#8221;on|phone&#8221; hover_enabled=&#8221;0&#8243; title_font_tablet=&#8221;Calistoga||||||||&#8221; title_font_phone=&#8221;Calistoga||||||||&#8221; title_font_last_edited=&#8221;on|phone&#8221; title_font_size_tablet=&#8221;4vw&#8221; title_font_size_phone=&#8221;24px&#8221; title_font_size_last_edited=&#8221;on|desktop&#8221; global_colors_info=&#8221;{}&#8221; sticky_enabled=&#8221;0&#8243;][\/et_pb_heading][et_pb_text _builder_version=&#8221;4.27.4&#8243; _module_preset=&#8221;_initial&#8221; text_font=&#8221;||||||||&#8221; text_font_size=&#8221;20px&#8221; header_line_height=&#8221;1.7em&#8221; custom_margin=&#8221;-40px||||false|false&#8221; text_font_size_tablet=&#8221;18px&#8221; text_font_size_phone=&#8221;15px&#8221; header_font_size_tablet=&#8221;&#8221; header_font_size_phone=&#8221;&#8221; header_font_size_last_edited=&#8221;on|phone&#8221; locked=&#8221;off&#8221; global_colors_info=&#8221;{}&#8221;]<\/p>\n<p style=\"text-align: justify;\"><span style=\"font-weight: 400;\">S\u0105 to o\u015brodki energetyczne cz\u0142owieka, kt\u00f3re odpowiadaj\u0105 za przep\u0142yw energii w ciele oraz wp\u0142ywaj\u0105 na zdrowie fizyczne i emocjonalne. Gdy przep\u0142yw energii w czakramach jest zablokowany lub zaburzony, mo\u017ce prowadzi\u0107 do z\u0142ego samopoczucia, stresu i r\u00f3\u017cnych dolegliwo\u015bci zdrowotnych. Bioenergoterapia polega na harmonizacji czakram\u00f3w poprzez oczyszczanie i przywracanie r\u00f3wnowagi energetycznej w ciele, wykorzystuj\u0105c r\u00f3\u017cnorodne techniki pracy z energi\u0105.<\/span><\/p>\n<p>[\/et_pb_text][\/et_pb_column][et_pb_column type=&#8221;1_2&#8243; _builder_version=&#8221;4.24.3&#8243; _module_preset=&#8221;default&#8221; global_colors_info=&#8221;{}&#8221;][et_pb_image src=&#8221;https:\/\/naturoterapiasanok.pl\/wp-content\/uploads\/2025\/05\/yoga-7182553_1280.jpg&#8221; title_text=&#8221;yoga-7182553_1280&#8243; force_fullwidth=&#8221;on&#8221; _builder_version=&#8221;4.27.4&#8243; _module_preset=&#8221;default&#8221; custom_margin=&#8221;0px||||false|false&#8221; custom_margin_tablet=&#8221;-21px||||false|false&#8221; custom_margin_phone=&#8221;-21px||||false|false&#8221; custom_margin_last_edited=&#8221;on|phone&#8221; border_radii=&#8221;on|20px|20px|20px|20px&#8221; global_colors_info=&#8221;{}&#8221;][\/et_pb_image][\/et_pb_column][\/et_pb_row][\/et_pb_section][et_pb_section fb_built=&#8221;1&#8243; custom_padding_last_edited=&#8221;on|phone&#8221; admin_label=&#8221;Benefits&#8221; _builder_version=&#8221;4.24.3&#8243; _module_preset=&#8221;default&#8221; background_color=&#8221;gcid-c159fe25-17b5-49f7-a4bd-a2adb8f8a2a8&#8243; custom_padding=&#8221;0px|60px|5px|60px|false|true&#8221; custom_padding_tablet=&#8221;0px|5vw|0px|5vw|false|true&#8221; custom_padding_phone=&#8221;0px|5vw|0px|5vw|true|true&#8221; global_colors_info=&#8221;{%22gcid-c159fe25-17b5-49f7-a4bd-a2adb8f8a2a8%22:%91%22background_color%22%93}&#8221;][et_pb_row column_structure=&#8221;1_2,1_2&#8243; _builder_version=&#8221;4.24.3&#8243; _module_preset=&#8221;default&#8221; width=&#8221;100%&#8221; max_width=&#8221;none&#8221; custom_padding=&#8221;||37px|||&#8221; global_colors_info=&#8221;{}&#8221;][et_pb_column type=&#8221;1_2&#8243; _builder_version=&#8221;4.24.3&#8243; _module_preset=&#8221;default&#8221; global_colors_info=&#8221;{}&#8221;][et_pb_image src=&#8221;https:\/\/naturoterapiasanok.pl\/wp-content\/uploads\/2025\/04\/pexels-arina-krasnikova-6998248-scaled-1.jpg&#8221; title_text=&#8221;pexels-arina-krasnikova-6998248&#8243; _builder_version=&#8221;4.27.4&#8243; _module_preset=&#8221;default&#8221; width=&#8221;85%&#8221; width_tablet=&#8221;64%&#8221; width_phone=&#8221;90%&#8221; width_last_edited=&#8221;on|tablet&#8221; module_alignment=&#8221;center&#8221; custom_margin_tablet=&#8221;-88px||||false|false&#8221; custom_margin_phone=&#8221;-88px||||false|false&#8221; custom_margin_last_edited=&#8221;on|phone&#8221; border_radii=&#8221;on|20px|20px|20px|20px&#8221; global_colors_info=&#8221;{}&#8221;][\/et_pb_image][\/et_pb_column][et_pb_column type=&#8221;1_2&#8243; _builder_version=&#8221;4.24.3&#8243; _module_preset=&#8221;default&#8221; custom_padding=&#8221;||||false|false&#8221; global_colors_info=&#8221;{}&#8221;][et_pb_heading title=&#8221;Jak dzia\u0142a bioenergoterapia?&#8221; _builder_version=&#8221;4.27.4&#8243; _module_preset=&#8221;_initial&#8221; title_font=&#8221;Calistoga||||||||&#8221; title_font_size=&#8221;3vw&#8221; title_letter_spacing=&#8221;-1px&#8221; width=&#8221;100%&#8221; min_height=&#8221;48.5px&#8221; custom_margin=&#8221;0px||22px||false|false&#8221; custom_margin_tablet=&#8221;95px||22px||false|false&#8221; custom_margin_phone=&#8221;38px||22px||false|false&#8221; custom_margin_last_edited=&#8221;on|phone&#8221; title_font_tablet=&#8221;Calistoga||||||||&#8221; title_font_phone=&#8221;Calistoga||||||||&#8221; title_font_last_edited=&#8221;on|phone&#8221; title_font_size_tablet=&#8221;4vw&#8221; title_font_size_phone=&#8221;24px&#8221; title_font_size_last_edited=&#8221;on|desktop&#8221; global_colors_info=&#8221;{}&#8221;][\/et_pb_heading][et_pb_heading title=&#8221;Impozycja&#8221; _builder_version=&#8221;4.27.4&#8243; _module_preset=&#8221;_initial&#8221; title_font=&#8221;Calistoga||||||||&#8221; title_font_size=&#8221;2vw&#8221; title_letter_spacing=&#8221;-1px&#8221; width=&#8221;100%&#8221; min_height=&#8221;48.5px&#8221; custom_margin=&#8221;0px||22px||false|false&#8221; custom_margin_tablet=&#8221;95px||22px||false|false&#8221; custom_margin_phone=&#8221;38px||22px||false|false&#8221; custom_margin_last_edited=&#8221;on|phone&#8221; title_font_tablet=&#8221;Calistoga||||||||&#8221; title_font_phone=&#8221;Calistoga||||||||&#8221; title_font_last_edited=&#8221;on|phone&#8221; title_font_size_tablet=&#8221;4vw&#8221; title_font_size_phone=&#8221;24px&#8221; title_font_size_last_edited=&#8221;on|desktop&#8221; global_colors_info=&#8221;{}&#8221;][\/et_pb_heading][et_pb_text _builder_version=&#8221;4.27.4&#8243; _module_preset=&#8221;_initial&#8221; text_font=&#8221;||||||||&#8221; text_font_size=&#8221;20px&#8221; header_line_height=&#8221;1.7em&#8221; custom_margin=&#8221;-37px|||||&#8221; text_font_size_tablet=&#8221;18px&#8221; text_font_size_phone=&#8221;15px&#8221; header_font_size_tablet=&#8221;&#8221; header_font_size_phone=&#8221;&#8221; header_font_size_last_edited=&#8221;on|phone&#8221; locked=&#8221;off&#8221; global_colors_info=&#8221;{}&#8221;]<\/p>\n<p style=\"text-align: justify;\"><span style=\"font-weight: 400;\">Jedn\u0105 z g\u0142\u00f3wnych metod jest <\/span><strong>impozycja<\/strong><span style=\"font-weight: 400;\"><strong>,<\/strong> czyli przekazywanie energii poprzez nak\u0142adanie r\u0105k na cia\u0142o lub w niewielkiej odleg\u0142o\u015bci od niego. Technika ta pozwala na skierowanie energii w amiejsca wymagaj\u0105ce uzdrowienia i regeneracji. <\/span><b>Pasy <\/b><span style=\"font-weight: 400;\">to z kolei ruchy d\u0142oni wykonywane wok\u00f3\u0142 cia\u0142a, kt\u00f3re pomagaj\u0105 oczy\u015bci\u0107 biopole z negatywnego \u0142adunku energetycznego oraz przywr\u00f3ci\u0107 harmonijny przep\u0142yw energii \u017cyciowej.<\/span><\/p>\n<p>[\/et_pb_text][et_pb_heading title=&#8221;Doenergetyzowanie&#8221; _builder_version=&#8221;4.27.4&#8243; _module_preset=&#8221;_initial&#8221; title_font=&#8221;Calistoga||||||||&#8221; title_font_size=&#8221;2vw&#8221; title_letter_spacing=&#8221;-1px&#8221; width=&#8221;100%&#8221; min_height=&#8221;48.5px&#8221; custom_margin=&#8221;0px||22px||false|false&#8221; custom_margin_tablet=&#8221;95px||22px||false|false&#8221; custom_margin_phone=&#8221;38px||22px||false|false&#8221; custom_margin_last_edited=&#8221;on|phone&#8221; title_font_tablet=&#8221;Calistoga||||||||&#8221; title_font_phone=&#8221;Calistoga||||||||&#8221; title_font_last_edited=&#8221;on|phone&#8221; title_font_size_tablet=&#8221;4vw&#8221; title_font_size_phone=&#8221;24px&#8221; title_font_size_last_edited=&#8221;on|desktop&#8221; global_colors_info=&#8221;{}&#8221;]<\/p>\n<p><span data-metadata=\"&lt;!--(figmeta)eyJmaWxlS2V5IjoiQ3pkQnk4NVV2TEtwOXcydTVRUW1IOCIsInBhc3RlSUQiOjIxMjc1ODczMjIsImRhdGFUeXBlIjoic2NlbmUifQo=(\/figmeta)--&gt;\"><\/span><span style=\"font-weight: 400;\">Jedn\u0105 z g\u0142\u00f3wnych metod jest <\/span><strong>impozycja<\/strong><span style=\"font-weight: 400;\"><strong>,<\/strong> czyli przekazywanie energii poprzez nak\u0142adanie r\u0105k na cia\u0142o lub w niewielkiej odleg\u0142o\u015bci od niego. Technika ta pozwala na skierowanie energii w amiejsca wymagaj\u0105ce uzdrowienia i regeneracji. <\/span><b>Pasy <\/b><span style=\"font-weight: 400;\">to z kolei ruchy d\u0142oni wykonywane wok\u00f3\u0142 cia\u0142a, kt\u00f3re pomagaj\u0105 oczy\u015bci\u0107 biopole z negatywnego \u0142adunku energetycznego oraz przywr\u00f3ci\u0107 harmonijny przep\u0142yw energii \u017cyciowej.<\/span><\/p>\n<p>[\/et_pb_heading][et_pb_text _builder_version=&#8221;4.27.4&#8243; _module_preset=&#8221;_initial&#8221; text_font=&#8221;||||||||&#8221; text_font_size=&#8221;20px&#8221; header_line_height=&#8221;1.7em&#8221; custom_margin=&#8221;-37px||||false|false&#8221; text_font_size_tablet=&#8221;18px&#8221; text_font_size_phone=&#8221;15px&#8221; header_font_size_tablet=&#8221;&#8221; header_font_size_phone=&#8221;&#8221; header_font_size_last_edited=&#8221;on|phone&#8221; locked=&#8221;off&#8221; global_colors_info=&#8221;{}&#8221;]<\/p>\n<p style=\"text-align: justify;\"><span style=\"font-weight: 400;\">W bioenergoterapii stosuje si\u0119 r\u00f3wnie\u017c <\/span><b>doenergetyzowywanie<\/b><span style=\"font-weight: 400;\"> czyli uzupe\u0142nianie brak\u00f3w energetycznych w organizmie, co wspiera procesy samouzdrawiania oraz dodaje witalno\u015bci. Kolejnym wa\u017cnym krokiem w tym procesie jest <\/span><b>harmonizacja centr\u00f3w energetycznych<\/b><span style=\"font-weight: 400;\">, kt\u00f3ra polega na wyr\u00f3wnywaniu energii w czakramach, aby przywr\u00f3ci\u0107 r\u00f3wnowag\u0119 emocjonaln\u0105 i duchow\u0105. Dzi\u0119ki temu mo\u017cna zniwelowa\u0107 stres, l\u0119ki oraz poprawi\u0107 og\u00f3lne samopoczucie.<\/span><\/p>\n<p>[\/et_pb_text][et_pb_heading title=&#8221;Biopol&#8221; _builder_version=&#8221;4.27.4&#8243; _module_preset=&#8221;_initial&#8221; title_font=&#8221;Calistoga||||||||&#8221; title_font_size=&#8221;2vw&#8221; title_letter_spacing=&#8221;-1px&#8221; width=&#8221;100%&#8221; min_height=&#8221;48.5px&#8221; custom_margin=&#8221;0px||22px||false|false&#8221; custom_margin_tablet=&#8221;95px||22px||false|false&#8221; custom_margin_phone=&#8221;38px||22px||false|false&#8221; custom_margin_last_edited=&#8221;on|phone&#8221; title_font_tablet=&#8221;Calistoga||||||||&#8221; title_font_phone=&#8221;Calistoga||||||||&#8221; title_font_last_edited=&#8221;on|phone&#8221; title_font_size_tablet=&#8221;4vw&#8221; title_font_size_phone=&#8221;24px&#8221; title_font_size_last_edited=&#8221;on|desktop&#8221; global_colors_info=&#8221;{}&#8221;][\/et_pb_heading][et_pb_text _builder_version=&#8221;4.27.4&#8243; _module_preset=&#8221;_initial&#8221; text_font=&#8221;||||||||&#8221; text_font_size=&#8221;20px&#8221; header_line_height=&#8221;1.7em&#8221; custom_margin=&#8221;-37px||||false|false&#8221; text_font_size_tablet=&#8221;18px&#8221; text_font_size_phone=&#8221;15px&#8221; header_font_size_tablet=&#8221;&#8221; header_font_size_phone=&#8221;&#8221; header_font_size_last_edited=&#8221;on|phone&#8221; locked=&#8221;off&#8221; global_colors_info=&#8221;{}&#8221;]<\/p>\n<p style=\"text-align: justify;\"><span style=\"font-weight: 400;\">Praca z <\/span><b>biopolem<\/b><span style=\"font-weight: 400;\"> (aur\u0105) pozwala na oczyszczanie i wzmacnianie energetycznej pow\u0142oki cia\u0142a, co wspiera odporno\u015b\u0107 oraz chroni przed negatywnymi wp\u0142ywami zewn\u0119trznymi. Regularne sesje bioenergoterapii przynosz\u0105 g\u0142\u0119bokie odpr\u0119\u017cenie, redukuj\u0105 stres oraz wspieraj\u0105 proces samouzdrawiania organizmu. To holistyczna metoda wspomagaj\u0105ca zdrowie na poziomie fizycznym, emocjonalnym i duchowym. <\/span><\/p>\n<p>[\/et_pb_text][\/et_pb_column][\/et_pb_row][\/et_pb_section]<\/p>\n","protected":false},"excerpt":{"rendered":"<p>S\u0105 to o\u015brodki energetyczne cz\u0142owieka, kt\u00f3re odpowiadaj\u0105 za przep\u0142yw energii w ciele oraz wp\u0142ywaj\u0105 na zdrowie fizyczne i emocjonalne. Gdy przep\u0142yw energii w czakramach jest zablokowany lub zaburzony, mo\u017ce prowadzi\u0107 do z\u0142ego samopoczucia, stresu i r\u00f3\u017cnych dolegliwo\u015bci zdrowotnych. Bioenergoterapia polega na harmonizacji czakram\u00f3w poprzez oczyszczanie i przywracanie r\u00f3wnowagi energetycznej w ciele, wykorzystuj\u0105c r\u00f3\u017cnorodne techniki pracy [&hellip;]<\/p>\n","protected":false},"author":1,"featured_media":0,"parent":0,"menu_order":0,"comment_status":"closed","ping_status":"closed","template":"","meta":{"_et_pb_use_builder":"on","_et_pb_old_content":"","_et_gb_content_width":"","footnotes":""},"class_list":["post-16","page","type-page","status-publish","hentry"],"yoast_head":"<!-- This site is optimized with the Yoast SEO plugin v24.9 - https:\/\/yoast.com\/wordpress\/plugins\/seo\/ -->\n<title>Bioenergoterapia - Naturoterapia Sanok<\/title>\n<meta name=\"robots\" content=\"index, follow, max-snippet:-1, max-image-preview:large, max-video-preview:-1\" \/>\n<link rel=\"canonical\" href=\"https:\/\/naturoterapiasanok.pl\/?page_id=16\" \/>\n<meta property=\"og:locale\" content=\"pl_PL\" \/>\n<meta property=\"og:type\" content=\"article\" \/>\n<meta property=\"og:title\" content=\"Bioenergoterapia - Naturoterapia Sanok\" \/>\n<meta property=\"og:description\" content=\"S\u0105 to o\u015brodki energetyczne cz\u0142owieka, kt\u00f3re odpowiadaj\u0105 za przep\u0142yw energii w ciele oraz wp\u0142ywaj\u0105 na zdrowie fizyczne i emocjonalne. Gdy przep\u0142yw energii w czakramach jest zablokowany lub zaburzony, mo\u017ce prowadzi\u0107 do z\u0142ego samopoczucia, stresu i r\u00f3\u017cnych dolegliwo\u015bci zdrowotnych. Bioenergoterapia polega na harmonizacji czakram\u00f3w poprzez oczyszczanie i przywracanie r\u00f3wnowagi energetycznej w ciele, wykorzystuj\u0105c r\u00f3\u017cnorodne techniki pracy [&hellip;]\" \/>\n<meta property=\"og:url\" content=\"https:\/\/naturoterapiasanok.pl\/?page_id=16\" \/>\n<meta property=\"og:site_name\" content=\"Naturoterapia Sanok\" \/>\n<meta property=\"article:publisher\" content=\"https:\/\/www.facebook.com\/naturoterapiasanok\" \/>\n<meta property=\"article:modified_time\" content=\"2025-05-23T06:21:26+00:00\" \/>\n<meta name=\"twitter:card\" content=\"summary_large_image\" \/>\n<meta name=\"twitter:label1\" content=\"Szacowany czas czytania\" \/>\n\t<meta name=\"twitter:data1\" content=\"8 minut\" \/>\n<script type=\"application\/ld+json\" class=\"yoast-schema-graph\">{\"@context\":\"https:\/\/schema.org\",\"@graph\":[{\"@type\":\"WebPage\",\"@id\":\"https:\/\/naturoterapiasanok.pl\/?page_id=16\",\"url\":\"https:\/\/naturoterapiasanok.pl\/?page_id=16\",\"name\":\"Bioenergoterapia - Naturoterapia Sanok\",\"isPartOf\":{\"@id\":\"https:\/\/naturoterapiasanok.pl\/#website\"},\"datePublished\":\"2025-04-28T05:56:03+00:00\",\"dateModified\":\"2025-05-23T06:21:26+00:00\",\"breadcrumb\":{\"@id\":\"https:\/\/naturoterapiasanok.pl\/?page_id=16#breadcrumb\"},\"inLanguage\":\"pl-PL\",\"potentialAction\":[{\"@type\":\"ReadAction\",\"target\":[\"https:\/\/naturoterapiasanok.pl\/?page_id=16\"]}]},{\"@type\":\"BreadcrumbList\",\"@id\":\"https:\/\/naturoterapiasanok.pl\/?page_id=16#breadcrumb\",\"itemListElement\":[{\"@type\":\"ListItem\",\"position\":1,\"name\":\"Strona g\u0142\u00f3wna\",\"item\":\"https:\/\/naturoterapiasanok.pl\/\"},{\"@type\":\"ListItem\",\"position\":2,\"name\":\"Bioenergoterapia\"}]},{\"@type\":\"WebSite\",\"@id\":\"https:\/\/naturoterapiasanok.pl\/#website\",\"url\":\"https:\/\/naturoterapiasanok.pl\/\",\"name\":\"Naturoterapia Sanok\",\"description\":\"\",\"publisher\":{\"@id\":\"https:\/\/naturoterapiasanok.pl\/#organization\"},\"potentialAction\":[{\"@type\":\"SearchAction\",\"target\":{\"@type\":\"EntryPoint\",\"urlTemplate\":\"https:\/\/naturoterapiasanok.pl\/?s={search_term_string}\"},\"query-input\":{\"@type\":\"PropertyValueSpecification\",\"valueRequired\":true,\"valueName\":\"search_term_string\"}}],\"inLanguage\":\"pl-PL\"},{\"@type\":\"Organization\",\"@id\":\"https:\/\/naturoterapiasanok.pl\/#organization\",\"name\":\"Naturoterapia Sanok\",\"url\":\"https:\/\/naturoterapiasanok.pl\/\",\"logo\":{\"@type\":\"ImageObject\",\"inLanguage\":\"pl-PL\",\"@id\":\"https:\/\/naturoterapiasanok.pl\/#\/schema\/logo\/image\/\",\"url\":\"https:\/\/naturoterapiasanok.pl\/wp-content\/uploads\/2025\/04\/Logo3-Naturoterapia-Tomasz-Demkowski.png\",\"contentUrl\":\"https:\/\/naturoterapiasanok.pl\/wp-content\/uploads\/2025\/04\/Logo3-Naturoterapia-Tomasz-Demkowski.png\",\"width\":486,\"height\":480,\"caption\":\"Naturoterapia Sanok\"},\"image\":{\"@id\":\"https:\/\/naturoterapiasanok.pl\/#\/schema\/logo\/image\/\"},\"sameAs\":[\"https:\/\/www.facebook.com\/naturoterapiasanok\",\"https:\/\/www.instagram.com\/naturoterapia_sanok\/\"]}]}<\/script>\n<!-- \/ Yoast SEO plugin. -->","yoast_head_json":{"title":"Bioenergoterapia - Naturoterapia Sanok","robots":{"index":"index","follow":"follow","max-snippet":"max-snippet:-1","max-image-preview":"max-image-preview:large","max-video-preview":"max-video-preview:-1"},"canonical":"https:\/\/naturoterapiasanok.pl\/?page_id=16","og_locale":"pl_PL","og_type":"article","og_title":"Bioenergoterapia - Naturoterapia Sanok","og_description":"S\u0105 to o\u015brodki energetyczne cz\u0142owieka, kt\u00f3re odpowiadaj\u0105 za przep\u0142yw energii w ciele oraz wp\u0142ywaj\u0105 na zdrowie fizyczne i emocjonalne. Gdy przep\u0142yw energii w czakramach jest zablokowany lub zaburzony, mo\u017ce prowadzi\u0107 do z\u0142ego samopoczucia, stresu i r\u00f3\u017cnych dolegliwo\u015bci zdrowotnych. Bioenergoterapia polega na harmonizacji czakram\u00f3w poprzez oczyszczanie i przywracanie r\u00f3wnowagi energetycznej w ciele, wykorzystuj\u0105c r\u00f3\u017cnorodne techniki pracy [&hellip;]","og_url":"https:\/\/naturoterapiasanok.pl\/?page_id=16","og_site_name":"Naturoterapia Sanok","article_publisher":"https:\/\/www.facebook.com\/naturoterapiasanok","article_modified_time":"2025-05-23T06:21:26+00:00","twitter_card":"summary_large_image","twitter_misc":{"Szacowany czas czytania":"8 minut"},"schema":{"@context":"https:\/\/schema.org","@graph":[{"@type":"WebPage","@id":"https:\/\/naturoterapiasanok.pl\/?page_id=16","url":"https:\/\/naturoterapiasanok.pl\/?page_id=16","name":"Bioenergoterapia - Naturoterapia Sanok","isPartOf":{"@id":"https:\/\/naturoterapiasanok.pl\/#website"},"datePublished":"2025-04-28T05:56:03+00:00","dateModified":"2025-05-23T06:21:26+00:00","breadcrumb":{"@id":"https:\/\/naturoterapiasanok.pl\/?page_id=16#breadcrumb"},"inLanguage":"pl-PL","potentialAction":[{"@type":"ReadAction","target":["https:\/\/naturoterapiasanok.pl\/?page_id=16"]}]},{"@type":"BreadcrumbList","@id":"https:\/\/naturoterapiasanok.pl\/?page_id=16#breadcrumb","itemListElement":[{"@type":"ListItem","position":1,"name":"Strona g\u0142\u00f3wna","item":"https:\/\/naturoterapiasanok.pl\/"},{"@type":"ListItem","position":2,"name":"Bioenergoterapia"}]},{"@type":"WebSite","@id":"https:\/\/naturoterapiasanok.pl\/#website","url":"https:\/\/naturoterapiasanok.pl\/","name":"Naturoterapia Sanok","description":"","publisher":{"@id":"https:\/\/naturoterapiasanok.pl\/#organization"},"potentialAction":[{"@type":"SearchAction","target":{"@type":"EntryPoint","urlTemplate":"https:\/\/naturoterapiasanok.pl\/?s={search_term_string}"},"query-input":{"@type":"PropertyValueSpecification","valueRequired":true,"valueName":"search_term_string"}}],"inLanguage":"pl-PL"},{"@type":"Organization","@id":"https:\/\/naturoterapiasanok.pl\/#organization","name":"Naturoterapia Sanok","url":"https:\/\/naturoterapiasanok.pl\/","logo":{"@type":"ImageObject","inLanguage":"pl-PL","@id":"https:\/\/naturoterapiasanok.pl\/#\/schema\/logo\/image\/","url":"https:\/\/naturoterapiasanok.pl\/wp-content\/uploads\/2025\/04\/Logo3-Naturoterapia-Tomasz-Demkowski.png","contentUrl":"https:\/\/naturoterapiasanok.pl\/wp-content\/uploads\/2025\/04\/Logo3-Naturoterapia-Tomasz-Demkowski.png","width":486,"height":480,"caption":"Naturoterapia Sanok"},"image":{"@id":"https:\/\/naturoterapiasanok.pl\/#\/schema\/logo\/image\/"},"sameAs":["https:\/\/www.facebook.com\/naturoterapiasanok","https:\/\/www.instagram.com\/naturoterapia_sanok\/"]}]}},"_links":{"self":[{"href":"https:\/\/naturoterapiasanok.pl\/index.php?rest_route=\/wp\/v2\/pages\/16","targetHints":{"allow":["GET"]}}],"collection":[{"href":"https:\/\/naturoterapiasanok.pl\/index.php?rest_route=\/wp\/v2\/pages"}],"about":[{"href":"https:\/\/naturoterapiasanok.pl\/index.php?rest_route=\/wp\/v2\/types\/page"}],"author":[{"embeddable":true,"href":"https:\/\/naturoterapiasanok.pl\/index.php?rest_route=\/wp\/v2\/users\/1"}],"replies":[{"embeddable":true,"href":"https:\/\/naturoterapiasanok.pl\/index.php?rest_route=%2Fwp%2Fv2%2Fcomments&post=16"}],"version-history":[{"count":13,"href":"https:\/\/naturoterapiasanok.pl\/index.php?rest_route=\/wp\/v2\/pages\/16\/revisions"}],"predecessor-version":[{"id":136,"href":"https:\/\/naturoterapiasanok.pl\/index.php?rest_route=\/wp\/v2\/pages\/16\/revisions\/136"}],"wp:attachment":[{"href":"https:\/\/naturoterapiasanok.pl\/index.php?rest_route=%2Fwp%2Fv2%2Fmedia&parent=16"}],"curies":[{"name":"wp","href":"https:\/\/api.w.org\/{rel}","templated":true}]}}